{"id":961,"date":"2018-06-29T20:35:08","date_gmt":"2018-06-29T23:35:08","guid":{"rendered":"https:\/\/iesse-ers.infd.edu.ar\/sitio\/requisitos-de-inscripcion-a-la-carrera\/"},"modified":"2018-11-26T12:10:57","modified_gmt":"2018-11-26T15:10:57","slug":"requisitos-de-inscripcion-a-la-carrera","status":"publish","type":"page","link":"https:\/\/iesse-ers.infd.edu.ar\/sitio\/requisitos-de-inscripcion-a-la-carrera\/","title":{"rendered":"Requisitos de Inscripci\u00f3n a la carrera"},"content":{"rendered":"<p><strong><span style=\"font-size: 10pt;\">PROFESORADO DE EDUCACI\u00d3N F\u00cdSICA<\/span><\/strong><\/p>\n<p><strong>Documentaci\u00f3n Solicitada para la Inscripci\u00f3n<\/strong><\/p>\n<ul>\n<li>1 Carpeta tapa cristal, A4 para legajo del alumno con documentaci\u00f3n organizada de la siguiente manera:<\/li>\n<li>Folio 1 planilla de inscripci\u00f3n. La encontrar\u00e1s en la secci\u00f3n blog.<\/li>\n<li>Folio 2: DNI fotocopia de ambos lados.<\/li>\n<li>Folio 3: Testimonio de nacimiento.<\/li>\n<li>Folio 4: N\u00famero de CUIL.<\/li>\n<li>Folio 5: Anal\u00edtico de estudios secundarios o certificado de finalizaci\u00f3n de estudios.<\/li>\n<li>Folio 6: 2 fotos 4&#215;4<\/li>\n<li>Folio 7: Planilla m\u00e9dica.<\/li>\n<li>Abonar un monto m\u00ednimo por tr\u00e1mites administrativos.<\/li>\n<li>Abonar el costo de la pileta donde se dictan las clases de Nataci\u00f3n. Pronto ser\u00e1 publicado el monto a abonar el a\u00f1o a cursar.<\/li>\n<\/ul>\n<p><strong><a title=\"Planilla de Situaci\u00f3n M\u00e9dica\" href=\"upload\/Nueva_Fichas_Medicas.docx\" target=\"_blank\" rel=\"noopener\">Ficha M\u00e9dica\u00a0<\/a>(la encontrar\u00e1s en el link Resoluciones y documentos)<\/strong><\/p>\n<p>&nbsp;<\/p>\n","protected":false},"excerpt":{"rendered":"<p>PROFESORADO DE EDUCACI\u00d3N F\u00cdSICA Documentaci\u00f3n Solicitada para la Inscripci\u00f3n 1 Carpeta tapa cristal, A4 para legajo del alumno con documentaci\u00f3n organizada de la siguiente manera: Folio 1 planilla de inscripci\u00f3n. La encontrar\u00e1s en la secci\u00f3n blog. Folio 2: DNI fotocopia de ambos lados. Folio 3: Testimonio de nacimiento. Folio 4: N\u00famero de CUIL. Folio 5: &#8230; <a title=\"Requisitos de Inscripci\u00f3n a la carrera\" class=\"read-more\" href=\"https:\/\/iesse-ers.infd.edu.ar\/sitio\/requisitos-de-inscripcion-a-la-carrera\/\" aria-label=\"More on Requisitos de Inscripci\u00f3n a la carrera\">[+]<\/a><\/p>\n","protected":false},"author":115,"featured_media":0,"parent":0,"menu_order":0,"comment_status":"closed","ping_status":"closed","template":"","meta":[],"acf":[],"_links":{"self":[{"href":"https:\/\/iesse-ers.infd.edu.ar\/sitio\/wp-json\/wp\/v2\/pages\/961"}],"collection":[{"href":"https:\/\/iesse-ers.infd.edu.ar\/sitio\/wp-json\/wp\/v2\/pages"}],"about":[{"href":"https:\/\/iesse-ers.infd.edu.ar\/sitio\/wp-json\/wp\/v2\/types\/page"}],"author":[{"embeddable":true,"href":"https:\/\/iesse-ers.infd.edu.ar\/sitio\/wp-json\/wp\/v2\/users\/115"}],"replies":[{"embeddable":true,"href":"https:\/\/iesse-ers.infd.edu.ar\/sitio\/wp-json\/wp\/v2\/comments?post=961"}],"version-history":[{"count":3,"href":"https:\/\/iesse-ers.infd.edu.ar\/sitio\/wp-json\/wp\/v2\/pages\/961\/revisions"}],"predecessor-version":[{"id":1909,"href":"https:\/\/iesse-ers.infd.edu.ar\/sitio\/wp-json\/wp\/v2\/pages\/961\/revisions\/1909"}],"wp:attachment":[{"href":"https:\/\/iesse-ers.infd.edu.ar\/sitio\/wp-json\/wp\/v2\/media?parent=961"}],"curies":[{"name":"wp","href":"https:\/\/api.w.org\/{rel}","templated":true}]}}