{"id":944,"date":"2018-06-29T20:35:02","date_gmt":"2018-06-29T23:35:02","guid":{"rendered":"https:\/\/iesse-ers.infd.edu.ar\/sitio\/cuadernillo-del-ingresante-2018\/"},"modified":"2024-02-21T13:20:20","modified_gmt":"2024-02-21T16:20:20","slug":"cuadernillo-del-ingresante-2018","status":"publish","type":"page","link":"https:\/\/iesse-ers.infd.edu.ar\/sitio\/cuadernillo-del-ingresante-2018\/","title":{"rendered":"Cuadernillo del Ingresante 2024"},"content":{"rendered":"<p style=\"text-align: center;\">\u00a0<\/p>\n<p style=\"text-align: center;\">\u00a0<\/p>\n\n\n<p><a rel=\"noreferrer noopener\" href=\"https:\/\/drive.google.com\/file\/d\/1gUlGwmbSQafxZwsFtnMyWmE0Aw_U1LZS\/view?usp=sharing\" target=\"_blank\"><strong>CUADERNILLO CICLO INTRODUCTORIO 2024 &#8211; Dierecci\u00f3n de Educaci\u00f3n Superior &#8211; Entre R\u00edos.<\/strong><\/a><\/p>\n","protected":false},"excerpt":{"rendered":"<p>\u00a0 \u00a0 CUADERNILLO CICLO INTRODUCTORIO 2024 &#8211; Dierecci\u00f3n de Educaci\u00f3n Superior &#8211; Entre R\u00edos.<\/p>\n","protected":false},"author":115,"featured_media":0,"parent":0,"menu_order":0,"comment_status":"closed","ping_status":"closed","template":"","meta":[],"acf":[],"_links":{"self":[{"href":"https:\/\/iesse-ers.infd.edu.ar\/sitio\/wp-json\/wp\/v2\/pages\/944"}],"collection":[{"href":"https:\/\/iesse-ers.infd.edu.ar\/sitio\/wp-json\/wp\/v2\/pages"}],"about":[{"href":"https:\/\/iesse-ers.infd.edu.ar\/sitio\/wp-json\/wp\/v2\/types\/page"}],"author":[{"embeddable":true,"href":"https:\/\/iesse-ers.infd.edu.ar\/sitio\/wp-json\/wp\/v2\/users\/115"}],"replies":[{"embeddable":true,"href":"https:\/\/iesse-ers.infd.edu.ar\/sitio\/wp-json\/wp\/v2\/comments?post=944"}],"version-history":[{"count":3,"href":"https:\/\/iesse-ers.infd.edu.ar\/sitio\/wp-json\/wp\/v2\/pages\/944\/revisions"}],"predecessor-version":[{"id":3365,"href":"https:\/\/iesse-ers.infd.edu.ar\/sitio\/wp-json\/wp\/v2\/pages\/944\/revisions\/3365"}],"wp:attachment":[{"href":"https:\/\/iesse-ers.infd.edu.ar\/sitio\/wp-json\/wp\/v2\/media?parent=944"}],"curies":[{"name":"wp","href":"https:\/\/api.w.org\/{rel}","templated":true}]}}