{"id":932,"date":"2018-06-29T20:34:55","date_gmt":"2018-06-29T23:34:55","guid":{"rendered":"https:\/\/iesse-ers.infd.edu.ar\/sitio\/tramite-de-solicitud-de-equivalencias\/"},"modified":"2022-03-14T21:24:33","modified_gmt":"2022-03-15T00:24:33","slug":"tramite-de-solicitud-de-equivalencias","status":"publish","type":"page","link":"https:\/\/iesse-ers.infd.edu.ar\/sitio\/tramite-de-solicitud-de-equivalencias\/","title":{"rendered":"Tr\u00e1mite de Solicitud de Equivalencias"},"content":{"rendered":"<p><strong><u>-TR\u00c1MITES: SOLICITUD \u00a0DE EQUIVALENCIAS<\/u><\/strong><strong>\u00a0<\/strong><\/p>\n<p>Este tr\u00e1mite se debe presentar ante Secretar\u00eda Acad\u00e9mica: Prof. Mar\u00eda Fernanda Rodr\u00edguez durante todo el mes de Abril de cada a\u00f1o. En el caso de\u00a0 la incorporaci\u00f3n de Nuevas\u00a0 carreras,\u00a0 se prorroga las solicitudes de homologaciones hasta 30 d\u00edas m\u00e1s.<\/p>\n<ol>\n<li>a)\u00a0\u00a0\u00a0\u00a0 Nuestro Instituto recibe alumnos\/as que provienen de otras Instituciones Educativas o que han comenzado alg\u00fan trayecto universitario sin haberlo terminado o que han cursado otras carreras en esta Instituci\u00f3n. Estos alumnos podr\u00e1n solicitar que se les otorgue aprobaci\u00f3n parcial o total por equivalencia de asignaturas que coincidan con la carrera que est\u00e1n cursando.<\/li>\n<li>b)\u00a0\u00a0\u00a0\u00a0 Para ello ser\u00e1 necesario presentar la solicitud de equivalencia por \u00fanica vez durante el mes de marzo del a\u00f1o acad\u00e9mico en curso correspondiente, la FICHA DE SOLICITUD DE EQUIVALENCIA (ver Resol. 4967\/19 CGE p\u00e1g.23y24), fotocopia de los programas de las asignaturas solicitadas debidamente autenticadas y con sello de la instituci\u00f3n donde se la aprob\u00f3 y certificado anal\u00edtico que acredite su aprobaci\u00f3n.<\/li>\n<li>c)\u00a0\u00a0\u00a0\u00a0 La documentaci\u00f3n ser\u00e1 elevada por Secretar\u00eda Acad\u00e9mica a los docentes de las Unidades Curriculares involucradas en cada caso y deber\u00e1n elevar un informe que tiene validez durante el a\u00f1o acad\u00e9mico,\u00a0 teniendo en cuenta que se deben considerar los CONTENIDOS delo los trayectos curriculares recorridos por el alumno, teniendo las siguientes consideraciones:<\/li>\n<li>d)\u00a0\u00a0\u00a0\u00a0 Equivalencia TOTAL, cuando existe coincidencia en al menos 80% o m\u00e1s de la propuesta curricular.<\/li>\n<li>e)\u00a0\u00a0\u00a0\u00a0 Equivalencia PARCIAL, cuando la coincidencia es entre el 50-70% entre lo sugerido por la c\u00e1tedra y lo acreditado por el alumno.<\/li>\n<li>f)\u00a0\u00a0\u00a0\u00a0\u00a0 En este caso el alumno\/a deber\u00e1 completar la asignatura con asistencia a clases y\/o Trabajos Pr\u00e1cticos y\/o rendir examen de los contenidos program\u00e1ticos faltantes, a efectos de regularizar los mismos para obtener la aprobaci\u00f3n final de la asignatura, la calificaci\u00f3n se registrara en acta de mesa de examen y es el promedio entre la nota precedente y la que obtuviera en la instancia propuesta para la equivalencia, debiendo ser superior a seis.<\/li>\n<li>g)\u00a0\u00a0\u00a0\u00a0 NO corresponde cuando no existe coincidencia.<\/li>\n<li>h)\u00a0\u00a0\u00a0\u00a0 Misma carrera con igual plan de estudios, se realizar\u00e1 la aceptaci\u00f3n TOTAL de las Unidades Curriculares ya aprobadas en la instituci\u00f3n de origen y NO SE DEBE CUMPLIMENTAR EL TR\u00c1MITE DE EQUIVALENCIA.<\/li>\n<li>i)\u00a0\u00a0\u00a0\u00a0\u00a0 De la misma carrera, con distinto plan de estudios, se realizar\u00e1 el otorgamiento total de las unidades curriculares ya aprobadas en la instituci\u00f3n de origen.<\/li>\n<li>j)\u00a0\u00a0\u00a0\u00a0\u00a0 El R\u00e9gimen de Correlatividades ser\u00e1 expuesto en cartelera y en la p\u00e1gina web del Instituto al inicio de clases y ser\u00e1 el establecido en cada Plan de Estudios.<\/li>\n<\/ol>\n<p>Se comunica a los alumnos que toda solicitud de equivalencia se realiza por \u00fanica vez durante el mes de marzo de cada a\u00f1o acad\u00e9mico, las cuales se resolver\u00e1n en un plazo de treinta d\u00edas.<\/p>\n<ol>\n<li>k) El estudiante deber\u00e1 cursar la materia hasta tanto se realice la aprobaci\u00f3n de dicha solicitud de equivalencia.<\/li>\n<\/ol>\n<h4>Mail de contacto:<\/h4>\n<h5><a href=\"mailto:iesse.secretariaacademica@gmail.com\">iesse.secretariaacademica@gmail.com<\/a><\/h5>\n\n\n<p><\/p>\n","protected":false},"excerpt":{"rendered":"<p>-TR\u00c1MITES: SOLICITUD \u00a0DE EQUIVALENCIAS\u00a0 Este tr\u00e1mite se debe presentar ante Secretar\u00eda Acad\u00e9mica: Prof. Mar\u00eda Fernanda Rodr\u00edguez durante todo el mes de Abril de cada a\u00f1o. En el caso de\u00a0 la incorporaci\u00f3n de Nuevas\u00a0 carreras,\u00a0 se prorroga las solicitudes de homologaciones hasta 30 d\u00edas m\u00e1s. a)\u00a0\u00a0\u00a0\u00a0 Nuestro Instituto recibe alumnos\/as que provienen de otras Instituciones Educativas &#8230; <a title=\"Tr\u00e1mite de Solicitud de Equivalencias\" class=\"read-more\" href=\"https:\/\/iesse-ers.infd.edu.ar\/sitio\/tramite-de-solicitud-de-equivalencias\/\" aria-label=\"More on Tr\u00e1mite de Solicitud de Equivalencias\">[+]<\/a><\/p>\n","protected":false},"author":115,"featured_media":0,"parent":0,"menu_order":0,"comment_status":"closed","ping_status":"closed","template":"","meta":[],"acf":[],"_links":{"self":[{"href":"https:\/\/iesse-ers.infd.edu.ar\/sitio\/wp-json\/wp\/v2\/pages\/932"}],"collection":[{"href":"https:\/\/iesse-ers.infd.edu.ar\/sitio\/wp-json\/wp\/v2\/pages"}],"about":[{"href":"https:\/\/iesse-ers.infd.edu.ar\/sitio\/wp-json\/wp\/v2\/types\/page"}],"author":[{"embeddable":true,"href":"https:\/\/iesse-ers.infd.edu.ar\/sitio\/wp-json\/wp\/v2\/users\/115"}],"replies":[{"embeddable":true,"href":"https:\/\/iesse-ers.infd.edu.ar\/sitio\/wp-json\/wp\/v2\/comments?post=932"}],"version-history":[{"count":15,"href":"https:\/\/iesse-ers.infd.edu.ar\/sitio\/wp-json\/wp\/v2\/pages\/932\/revisions"}],"predecessor-version":[{"id":2657,"href":"https:\/\/iesse-ers.infd.edu.ar\/sitio\/wp-json\/wp\/v2\/pages\/932\/revisions\/2657"}],"wp:attachment":[{"href":"https:\/\/iesse-ers.infd.edu.ar\/sitio\/wp-json\/wp\/v2\/media?parent=932"}],"curies":[{"name":"wp","href":"https:\/\/api.w.org\/{rel}","templated":true}]}}