{"id":911,"date":"2018-06-29T20:34:45","date_gmt":"2018-06-29T23:34:45","guid":{"rendered":"https:\/\/iesse-ers.infd.edu.ar\/sitio\/calendario-escolar-2018-iesse\/"},"modified":"2019-12-17T10:04:29","modified_gmt":"2019-12-17T13:04:29","slug":"calendario-escolar-2018-iesse","status":"publish","type":"page","link":"https:\/\/iesse-ers.infd.edu.ar\/sitio\/calendario-escolar-2018-iesse\/","title":{"rendered":"Calendario Escolar 2020 &#8211; IESSE"},"content":{"rendered":"<p><span style=\"color: #ff0000; font-size: 18pt;\"><strong>En Construcci\u00f3n<\/strong><\/span><\/p>\n<p><a href=\"https:\/\/iesse-ers.infd.edu.ar\/sitio\/wp-content\/uploads\/2019\/12\/4980-19-CGE-CALENDARIO-ESCOLAR-DE-LA-PROVINCIA-DE-ENTRE-R\u00cdOS-A\u00d1O-2020.pdf\">4980-19 CGE CALENDARIO ESCOLAR DE LA PROVINCIA DE ENTRE R\u00cdOS A\u00d1O 2020<\/a><\/p>\n<p><a title=\"Calendario Escolar N\u00b0 5750 C.G.E\" href=\"upload\/resol5750-17cge.pdf\" target=\"_blank\" rel=\"noopener\">\u00a0<\/a><\/p>\n<p><strong>EDUCACI\u00d3N SUPERIOR<\/strong><\/p>\n<p><strong>MARCO CRONOL\u00d3GICO \u00a02020\u00a0 DE ACTIVIDADES DOCENTES Y ADMINISTRATIVAS<\/strong><\/p>\n<p><strong><span style=\"text-decoration: underline;\">PRIMER CUATRIMESTRE:<\/span><\/strong><\/p>\n<p><strong>13 de febrero:<\/strong><\/p>\n<p>Presentaci\u00f3n\u00a0 Equipos Directivos.<\/p>\n<p>14 de Febrero : Presentaci\u00f3n de docentes.<\/p>\n<p><strong>Inscripciones a Mesas de Ex\u00e1menes los d\u00edas\u00a0 17-18\u00a0 de Febrero 2020 , en el horario de 8:00 a 11:00 hs y por la tard<\/strong>e de 14:00 a 17:00 hs por preceptor\u00eda<\/p>\n<p style=\"text-align: left;\"><strong>14\u00a0 de Febrero<\/strong> : Jornada Institucional . Instancias de Revisi\u00f3n y Evaluaci\u00f3n Institucional, en vistas a la proyecci\u00f3n y planificaci\u00f3n de Proyecto formativo Institucional. Elaboraci\u00f3n del calendario de actividades Institucionales.<\/p>\n<p><strong>20\u00a0 de febrero al\u00a0 06 de marzo 2020:<\/strong><\/p>\n<p>Evaluaciones \u00a0Finales Febrero -Marzo\u00a0 (buscar\u00a0 en otra secci\u00f3n las mesas)<\/p>\n<p><b>17 de Febrero\u00a0 al 06 de Marzo\u00a0 \u00a0. Periodo para completar \u00a0trayectos 2019 para los formatos , taller, seminario- Taller\u00a0 \u00a0( el docente publicar\u00e1\u00a0 los d\u00edas\u00a0y horarios\u00a0 )\u00a0<\/b><\/p>\n<p><strong>06 de Marzo\u00a0<\/strong><\/p>\n<p><strong>Finalizaci\u00f3n del A\u00f1o Acad\u00e9mico 2019.<\/strong><\/p>\n<p><b>\u00a0<\/b><\/p>\n<p>09 de Marzo: Inicio A\u00f1o Acad\u00e9mico. Inicio del primer cuatrimestre.<\/p>\n<p><strong><strong><strong>09\u00a0 al 20\u00a0 de Marzo 2020\u00a0<\/strong><\/strong>\u00a0<strong>Ciclo Introductorio para\u00a0 ingresantes de todas las \u00a0carreras.\u00a0<\/strong><\/strong><\/p>\n<p><strong>09 al 11\u00a0 de Marzo .<\/strong> Inscripci\u00f3n a materias por a\u00f1o , para estudiantes de 2do a\u00f1o en adelante, pasar por preceptor\u00eda en los siguientes horarios de 8:00 a 11:00 y de 14:00 a 17:00 h<\/p>\n<p>Lunes\u00a0 09\/03\/2020 de la LETRA\u00a0 <strong>A<\/strong> a la <strong>H<\/strong><\/p>\n<p>Martes\u00a0 10\/03\/20 DE LA LETRA\u00a0 <strong>I<\/strong>\u00a0\u00a0A LA <strong>O<\/strong><\/p>\n<p>Mi\u00e9rcoles\u00a0 11\/03\/20\u00a0 \u00a0DE LA LETRA\u00a0 <strong>P<\/strong> A LA <strong>Z\u00a0<\/strong><\/p>\n<p><strong><span style=\"color: #000000;\">12 y 13 de Marzo Inscripci\u00f3n a mesas Normalizadoras<\/span><\/strong> por preceptoria en los horarios de funcionamiento.<\/p>\n<p><strong>23 y 25 de Marzo . Mesas Normalizadoras\u00a0<\/strong><\/p>\n<p><strong>01 de\u00a0 Abril\u00a0 hasta al 30 de Abril\u00a0 :<\/strong><\/p>\n<p>Fecha l\u00edmite de solicitud de homologaciones por parte de los estudiantes,\u00a0 comunicarse con Secretar\u00eda Acad\u00e9mica con planilla de solicitud y documentaci\u00f3n correspondiente.<\/p>\n<p><strong>25\u00a0 de Marzo\u00a0 2020\u00a0\u00a0<\/strong><\/p>\n<p><strong>Inicio del A\u00f1o Escolar y Ciclo Lectivo \u00a02020\u00a0 ( 1er a\u00f1o continua y a partir de 2do a\u00f1o en adelante comienza)\u00a0<\/strong><\/p>\n<p><strong>20-21-22\u00a0 de Abril<\/strong> . Inscripci\u00f3n a Mesas Extraordinaria y Mesas Normalizadoras de PEF , ver\u00a0<b>Resoluci\u00f3n\u00a0 4967\u00a0 art\u00a0 60 .\u00a0<\/b><\/p>\n<p><strong>27-28-29- 30 de Abril .<\/strong> Mesas Evaluadoras Extraordinaria y Normalizadoras de PEF , con suspensi\u00f3n de actividades para los docentes que integren la mesas examinadoras y alumnos .<\/p>\n<p><strong>04- de Mayo\u00a0 .\u00a0<\/strong><b>Reinscripci\u00f3n<\/b>\u00a0de materias , solo para\u00a0 aquellos\u00a0 alumnos que rindieron en mesa extraordinaria y\/o completaron trayectos.<\/p>\n<p><strong>Marzo a noviembre:<\/strong> Incluir en todas las c\u00e1tedras el abordaje en el\u00a0 aula con los estudiantes, los siguientes temas: la convivencia en relaci\u00f3n con la educaci\u00f3n en valores, las habilidades sociales y la educaci\u00f3n para la paz, educaci\u00f3n inclusiva.<\/p>\n<p>&nbsp;<\/p>\n<p><strong>01 de Mayo al 31 de mayo:<\/strong><\/p>\n<p>Presentaci\u00f3n en la Direcci\u00f3n de Educaci\u00f3n Superior de las propuestas de Formaci\u00f3n Docente Continua e Investigaci\u00f3n Educativa avaladas por los Consejos Directivos y Proyectos de Post\u00edtulos convocatoria 2017-2018.<\/p>\n<p><strong>\u00a0<\/strong><strong>\u00a0Mayo\u00a0<\/strong><\/p>\n<p>Convocatoria y recepci\u00f3n de proyectos de formaci\u00f3n continua, para iniciarse en el segundo cuatrimestre.<\/p>\n<p>Presentaci\u00f3n de propuestas de formaci\u00f3n docente continua y\u00a0 proyectos de Pos t\u00edtulos avalados por los consejos Directivos , de acuerdo a lo estipulado en la Resoluci\u00f3n N\u00b0 4964\/19\u00a0 C.G.E.<\/p>\n<p><b>Presentaci\u00f3n del proyecto de vinculaci\u00f3n del Instituto de formaci\u00f3n docentes con Organizaciones e instituciones asociadas a la direcci\u00f3n de Educaci\u00f3n Superior y Direcci\u00f3n\u00a0de Educaci\u00f3n\u00a0de Gesti\u00f3n Privada, seg\u00fan corresponda.\u00a0 \u00a0<\/b><\/p>\n<p><strong>02 de Mayo:<\/strong><\/p>\n<p>Fecha de entrega de planificaciones y\/o proyectos de c\u00e1tedras 2020\u00a0 de todas las carreras.<\/p>\n<p><strong>\u00a013\u00a0 al 24\u00a0 de Julio : Receso de Invierno<\/strong><\/p>\n<p><strong>\u00a0<\/strong><\/p>\n<p><strong>27\u00a0 de Junio al\u00a0 06\u00a0 \u00a0de Julio:\u00a0 \u00a0<\/strong>Inscripci\u00f3n a mesas de ex\u00e1menes turno julio\/agosto 2020\u00a0 (en horarios de Preceptor\u00eda). de 8 h. a 11 h.\u00a0 y de 14:00 a 17:00 hs<\/p>\n<p><strong>13\u00a0 al 24\u00a0 de Julio : Receso de Invierno\u00a0<\/strong><\/p>\n<p>06-07-08 Julio Inscripci\u00f3n a Mesas Evaluadoras Finales de Agosto., por preceptor\u00eda.<\/p>\n<p><strong>27\u00a0 al 14\u00a0 de Agosto<\/strong>: Mesas Evaluadoras Finales con suspensi\u00f3n de actividades, solo para los docentes afectados a mesa de examen.<\/p>\n<p><span style=\"text-decoration: underline;\"><strong>21 al 24 de Junio.<\/strong><\/span><\/p>\n<p>Semana de la Prevenci\u00f3n de las Adicciones. Reflexi\u00f3n y aprendizajes referidos a la lucha contra el uso indebido y el tr\u00e1fico de drogas.<\/p>\n<p>&nbsp;<\/p>\n<p><strong>18 de Agosto\u00a0<\/strong><\/p>\n<p>Inicio del Segundo\u00a0 Cuatrimestre.<\/p>\n<p>26 de Agosto: Jornada Institucional<\/p>\n<p>&nbsp;<\/p>\n<p><strong><span style=\"text-decoration: underline;\">18\u00a0 de Agosto : Inicio del segundo cuatrimestre.\u00a0<\/span><\/strong><\/p>\n<p><strong><span style=\"text-decoration: underline;\">Agosto:\u00a0<\/span><\/strong><\/p>\n<p>Feria, de Ciencias, Artes, Tecnolog\u00edas y Sociedad. Instancias Institucionales.<\/p>\n<p>&nbsp;<\/p>\n<p><strong>1\u00a0 \u00a0al\u00a0 3\u00a0 \u00a0de Septiembre Inscripci\u00f3n a Mesas Extraordinarias<\/strong> por\u00a0 preceptor\u00eda para los alumnos del IESSE, \u00a0que se encuadren en el marco de la \u00a0Resoluci\u00f3n 4967\u00a0 C.G.E art 60<\/p>\n<p><strong>14\u00a0 al 18\u00a0 de Septiembre 2020\u00a0<\/strong>\u00a0 Mesas Evaluadoras Extraordinaria, con suspensi\u00f3n de actividades\u00a0 solo para docentes que las integran.<\/p>\n<p><strong>\u00a0Octubre\u00a0<\/strong><\/p>\n<ul>\n<li>Presentaci\u00f3n de solicitudes de continuidades y creaci\u00f3n de carreras dependientes de la DES<\/li>\n<\/ul>\n<p><b>02 al 31 Octubre Pre inscripci\u00f3n\u00a0de estudiantes para el Ciclo Lectivo 2020\u00a0<\/b><\/p>\n<p><strong>\u00a0<\/strong><\/p>\n<p><span style=\"text-decoration: underline;\"><strong>Noviembre\u00a0<\/strong><\/span><\/p>\n<p><strong>20\u00a0 \u00a0de Noviembre: Finalizaci\u00f3n de actividades escolares\u00a0<\/strong><\/p>\n<p>19 al 23 de Noviembre\u00a0 : Fecha l\u00edmite\u00a0 de entrega de Planillas de Situaci\u00f3n Acad\u00e9mica del Alumno completa a Secretaria Acad\u00e9mica. Una copia de cada planilla ser\u00e1 expuesta en el transparente para conocimiento de los alumnos. Cabe aclarar que si el docente no entrega su planilla en tiempo y forma, los alumnos no podr\u00e1n inscribirse (durante la semana siguiente) para mesas de ex\u00e1menes en su c\u00e1tedra.<\/p>\n<p><strong>23 al 25\u00a0 de Noviembre:<\/strong><\/p>\n<p>Inscripci\u00f3n a mesas de ex\u00e1menes\u00a0 turno de diciembre (en horarios de Preceptor\u00eda).<\/p>\n<p>20 de Noviembre Finalizaci\u00f3n del Segundo Cuatrimestre.<\/p>\n<p>&nbsp;<\/p>\n<p><strong>25 de Noviembre al 20 de Diciembre 2020\u00a0<\/strong><\/p>\n<p>Periodo de ex\u00e1menes Finales.<\/p>\n<p>Periodo de Coloquios Integradores<\/p>\n<p><strong>21 de Diciembre:<\/strong><\/p>\n<p>Iniciaci\u00f3n del receso escolar de verano.<\/p>\n<p>&nbsp;<\/p>\n","protected":false},"excerpt":{"rendered":"<p>En Construcci\u00f3n 4980-19 CGE CALENDARIO ESCOLAR DE LA PROVINCIA DE ENTRE R\u00cdOS A\u00d1O 2020 \u00a0 EDUCACI\u00d3N SUPERIOR MARCO CRONOL\u00d3GICO \u00a02020\u00a0 DE ACTIVIDADES DOCENTES Y ADMINISTRATIVAS PRIMER CUATRIMESTRE: 13 de febrero: Presentaci\u00f3n\u00a0 Equipos Directivos. 14 de Febrero : Presentaci\u00f3n de docentes. Inscripciones a Mesas de Ex\u00e1menes los d\u00edas\u00a0 17-18\u00a0 de Febrero 2020 , en el horario &#8230; <a title=\"Calendario Escolar 2020 &#8211; IESSE\" class=\"read-more\" href=\"https:\/\/iesse-ers.infd.edu.ar\/sitio\/calendario-escolar-2018-iesse\/\" aria-label=\"More on Calendario Escolar 2020 &#8211; IESSE\">[+]<\/a><\/p>\n","protected":false},"author":115,"featured_media":0,"parent":0,"menu_order":1,"comment_status":"closed","ping_status":"closed","template":"","meta":[],"acf":[],"_links":{"self":[{"href":"https:\/\/iesse-ers.infd.edu.ar\/sitio\/wp-json\/wp\/v2\/pages\/911"}],"collection":[{"href":"https:\/\/iesse-ers.infd.edu.ar\/sitio\/wp-json\/wp\/v2\/pages"}],"about":[{"href":"https:\/\/iesse-ers.infd.edu.ar\/sitio\/wp-json\/wp\/v2\/types\/page"}],"author":[{"embeddable":true,"href":"https:\/\/iesse-ers.infd.edu.ar\/sitio\/wp-json\/wp\/v2\/users\/115"}],"replies":[{"embeddable":true,"href":"https:\/\/iesse-ers.infd.edu.ar\/sitio\/wp-json\/wp\/v2\/comments?post=911"}],"version-history":[{"count":26,"href":"https:\/\/iesse-ers.infd.edu.ar\/sitio\/wp-json\/wp\/v2\/pages\/911\/revisions"}],"predecessor-version":[{"id":2587,"href":"https:\/\/iesse-ers.infd.edu.ar\/sitio\/wp-json\/wp\/v2\/pages\/911\/revisions\/2587"}],"wp:attachment":[{"href":"https:\/\/iesse-ers.infd.edu.ar\/sitio\/wp-json\/wp\/v2\/media?parent=911"}],"curies":[{"name":"wp","href":"https:\/\/api.w.org\/{rel}","templated":true}]}}