{"id":3943,"date":"2026-05-08T11:28:48","date_gmt":"2026-05-08T14:28:48","guid":{"rendered":"https:\/\/iesse-ers.infd.edu.ar\/sitio\/?page_id=3943"},"modified":"2026-05-08T11:28:49","modified_gmt":"2026-05-08T14:28:49","slug":"insc-a-mesas-extraordinarias-mayo-2026","status":"publish","type":"page","link":"https:\/\/iesse-ers.infd.edu.ar\/sitio\/insc-a-mesas-extraordinarias-mayo-2026\/","title":{"rendered":"Insc. a mesas Extraordinarias Mayo 2026."},"content":{"rendered":"\n<p>Seleccione a continuaci\u00f3n la opci\u00f3n que corresponda:<\/p>\n\n\n\n<p>Prof. de Educ. F\u00edsca.<\/p>\n\n\n\n<p><a rel=\"noreferrer noopener\" href=\"https:\/\/forms.gle\/AH6kN82Tu6JRyQ5H6\" target=\"_blank\">Primer a\u00f1o<\/a>.<\/p>\n\n\n\n<p><a href=\"https:\/\/forms.gle\/Wv4oyqG4iMJsRn1M8\" target=\"_blank\" rel=\"noreferrer noopener\">Segundo a\u00f1o.<\/a><\/p>\n\n\n\n<p><a href=\"https:\/\/forms.gle\/pLkETV7fkmcbM8Kz8\" target=\"_blank\" rel=\"noreferrer noopener\">Tercer a\u00f1o.<\/a><\/p>\n\n\n\n<p>Prof. de Biolog\u00eda.<\/p>\n\n\n\n<p><a href=\"https:\/\/forms.gle\/6w3ScwYMjGanXy1DA\" target=\"_blank\" rel=\"noreferrer noopener\">Primer a\u00f1o.<\/a><\/p>\n\n\n\n<p><a rel=\"noreferrer noopener\" href=\"https:\/\/forms.gle\/XPoAk3aztQzjJaxa6\" target=\"_blank\">Segundo a\u00f1o.<\/a><\/p>\n\n\n\n<p><a href=\"https:\/\/forms.gle\/JtVUJ1M8NBKChqcDA\" target=\"_blank\" rel=\"noreferrer noopener\">Tercer a\u00f1o.<\/a><\/p>\n\n\n\n<p>Prof. de Ingl\u00e9s.<\/p>\n\n\n\n<p><a href=\"https:\/\/forms.gle\/GrtJjQ9RatXVo8ef7\" target=\"_blank\" rel=\"noreferrer noopener\">Primer a\u00f1o.<\/a><\/p>\n\n\n\n<p><a href=\"https:\/\/forms.gle\/WFydMbKop1PHkzmF9\" target=\"_blank\" rel=\"noreferrer noopener\">Segundo a\u00f1o.<\/a><\/p>\n\n\n\n<p><a href=\"https:\/\/forms.gle\/tW3G85zJrj2ETdUS8\" target=\"_blank\" rel=\"noreferrer noopener\">Tercer a\u00f1o.<\/a><\/p>\n\n\n\n<p>Turismo.<\/p>\n\n\n\n<p><a href=\"https:\/\/forms.gle\/NaKMeLj9irJTTGtQA\" target=\"_blank\" rel=\"noreferrer noopener\">Mesas Mayo 2026.<\/a><\/p>\n","protected":false},"excerpt":{"rendered":"<p>Seleccione a continuaci\u00f3n la opci\u00f3n que corresponda: Prof. de Educ. F\u00edsca. Primer a\u00f1o. Segundo a\u00f1o. Tercer a\u00f1o. Prof. de Biolog\u00eda. Primer a\u00f1o. Segundo a\u00f1o. Tercer a\u00f1o. Prof. de Ingl\u00e9s. Primer a\u00f1o. Segundo a\u00f1o. Tercer a\u00f1o. Turismo. Mesas Mayo 2026.<\/p>\n","protected":false},"author":1555,"featured_media":0,"parent":0,"menu_order":0,"comment_status":"closed","ping_status":"closed","template":"","meta":[],"acf":[],"_links":{"self":[{"href":"https:\/\/iesse-ers.infd.edu.ar\/sitio\/wp-json\/wp\/v2\/pages\/3943"}],"collection":[{"href":"https:\/\/iesse-ers.infd.edu.ar\/sitio\/wp-json\/wp\/v2\/pages"}],"about":[{"href":"https:\/\/iesse-ers.infd.edu.ar\/sitio\/wp-json\/wp\/v2\/types\/page"}],"author":[{"embeddable":true,"href":"https:\/\/iesse-ers.infd.edu.ar\/sitio\/wp-json\/wp\/v2\/users\/1555"}],"replies":[{"embeddable":true,"href":"https:\/\/iesse-ers.infd.edu.ar\/sitio\/wp-json\/wp\/v2\/comments?post=3943"}],"version-history":[{"count":1,"href":"https:\/\/iesse-ers.infd.edu.ar\/sitio\/wp-json\/wp\/v2\/pages\/3943\/revisions"}],"predecessor-version":[{"id":3944,"href":"https:\/\/iesse-ers.infd.edu.ar\/sitio\/wp-json\/wp\/v2\/pages\/3943\/revisions\/3944"}],"wp:attachment":[{"href":"https:\/\/iesse-ers.infd.edu.ar\/sitio\/wp-json\/wp\/v2\/media?parent=3943"}],"curies":[{"name":"wp","href":"https:\/\/api.w.org\/{rel}","templated":true}]}}