{"id":3679,"date":"2025-03-26T13:05:39","date_gmt":"2025-03-26T16:05:39","guid":{"rendered":"https:\/\/iesse-ers.infd.edu.ar\/sitio\/?page_id=3679"},"modified":"2025-04-22T12:40:51","modified_gmt":"2025-04-22T15:40:51","slug":"horarios-de-cursado-ciclo-2025","status":"publish","type":"page","link":"https:\/\/iesse-ers.infd.edu.ar\/sitio\/horarios-de-cursado-ciclo-2025\/","title":{"rendered":"Horarios de cursado ciclo 2025."},"content":{"rendered":"\n<h1 class=\"wp-block-heading\"><em><strong>Horarios completos y definitivos de cursado a partir del 17\/03\/2025.\u00a0<\/strong><\/em><\/h1>\n\n\n<h3>PROFESORADO DE EDU. F\u00cdSICA: <a href=\"https:\/\/iesse-ers.infd.edu.ar\/sitio\/wp-content\/uploads\/2025\/04\/HORARIOS-PEF-2025-2.pdf\">HORARIOS PEF 2025<\/a><\/h3>\n\n\n<h3 class=\"wp-block-heading\">PROFESORADO DE BIOLOG\u00cdA: <a rel=\"noreferrer noopener\" href=\"https:\/\/iesse-ers.infd.edu.ar\/sitio\/wp-content\/uploads\/2025\/03\/HORARIOS-BIO-2025.pdf\" target=\"_blank\">HORARIOS BIO 2025<\/a><\/h3>\n\n\n\n<h3 class=\"wp-block-heading\">PROFESORADO DE INGL\u00c9S: <a href=\"https:\/\/iesse-ers.infd.edu.ar\/sitio\/wp-content\/uploads\/2025\/03\/HORARIOS-PI-2025.pdf\" target=\"_blank\" rel=\"noreferrer noopener\">HORARIOS PI 2025<\/a><\/h3>\n\n\n\n<h3 class=\"wp-block-heading\">TECNICATURA EN TURISMO: <a href=\"https:\/\/iesse-ers.infd.edu.ar\/sitio\/wp-content\/uploads\/2025\/03\/HORARIO-TST-2025.pdf\" target=\"_blank\" rel=\"noreferrer noopener\">HORARIO TST 2025<\/a><\/h3>\n\n\n\n<hr class=\"wp-block-separator has-alpha-channel-opacity\"\/>\n","protected":false},"excerpt":{"rendered":"<p>Horarios completos y definitivos de cursado a partir del 17\/03\/2025.\u00a0 PROFESORADO DE EDU. F\u00cdSICA: HORARIOS PEF 2025 PROFESORADO DE BIOLOG\u00cdA: HORARIOS BIO 2025 PROFESORADO DE INGL\u00c9S: HORARIOS PI 2025 TECNICATURA EN TURISMO: HORARIO TST 2025<\/p>\n","protected":false},"author":1555,"featured_media":0,"parent":0,"menu_order":0,"comment_status":"closed","ping_status":"closed","template":"","meta":[],"acf":[],"_links":{"self":[{"href":"https:\/\/iesse-ers.infd.edu.ar\/sitio\/wp-json\/wp\/v2\/pages\/3679"}],"collection":[{"href":"https:\/\/iesse-ers.infd.edu.ar\/sitio\/wp-json\/wp\/v2\/pages"}],"about":[{"href":"https:\/\/iesse-ers.infd.edu.ar\/sitio\/wp-json\/wp\/v2\/types\/page"}],"author":[{"embeddable":true,"href":"https:\/\/iesse-ers.infd.edu.ar\/sitio\/wp-json\/wp\/v2\/users\/1555"}],"replies":[{"embeddable":true,"href":"https:\/\/iesse-ers.infd.edu.ar\/sitio\/wp-json\/wp\/v2\/comments?post=3679"}],"version-history":[{"count":3,"href":"https:\/\/iesse-ers.infd.edu.ar\/sitio\/wp-json\/wp\/v2\/pages\/3679\/revisions"}],"predecessor-version":[{"id":3699,"href":"https:\/\/iesse-ers.infd.edu.ar\/sitio\/wp-json\/wp\/v2\/pages\/3679\/revisions\/3699"}],"wp:attachment":[{"href":"https:\/\/iesse-ers.infd.edu.ar\/sitio\/wp-json\/wp\/v2\/media?parent=3679"}],"curies":[{"name":"wp","href":"https:\/\/api.w.org\/{rel}","templated":true}]}}