{"id":2956,"date":"2022-11-17T12:09:38","date_gmt":"2022-11-17T15:09:38","guid":{"rendered":"https:\/\/iesse-ers.infd.edu.ar\/sitio\/?page_id=2956"},"modified":"2022-11-17T12:17:31","modified_gmt":"2022-11-17T15:17:31","slug":"revalida-prueba-anual-complementaria-para-guardavidas","status":"publish","type":"page","link":"https:\/\/iesse-ers.infd.edu.ar\/sitio\/revalida-prueba-anual-complementaria-para-guardavidas\/","title":{"rendered":"Rev\u00e1lida Prueba Anual Complementaria para Guardavidas."},"content":{"rendered":"\n<h2 class=\"wp-block-heading\">Con la coordinaci\u00f3n de la Federaci\u00f3n Argentina de Guardavidas representada por su Secretario General Sergio Daniel Ossola y en la semana Latinoamericana de prevenci\u00f3n de ahogamiento se realiz\u00f3 en las instalaciones de IESSE y sector de Playa Municipal la Rev\u00e1lida Prueba Anual Complementaria para Guardavidas. En el marco de la Formaci\u00f3n T\u00e9cnico Profesional de Guardavidas que se dicta en el Instituto se avanz\u00f3 con la Federaci\u00f3n en el convenio de colaboraci\u00f3n mutua para acciones de capacitaci\u00f3n 2023.<\/h2>\n\n\n\n<h2 class=\"wp-block-heading\"><img decoding=\"async\" loading=\"lazy\" src=\"https:\/\/iesse-ers.infd.edu.ar\/sitio\/wp-content\/uploads\/2022\/11\/WhatsApp-Image-2022-11-11-at-13.00.04.jpeg\" alt=\"\" width=\"669\" height=\"395\"><\/h2>\n\n\n\n<div class=\"wp-block-image\"><figure class=\"alignleft\"><img decoding=\"async\" loading=\"lazy\" width=\"720\" height=\"960\" src=\"https:\/\/iesse-ers.infd.edu.ar\/sitio\/wp-content\/uploads\/2022\/11\/WhatsApp-Image-2022-11-11-at-13.00.22.jpeg\" alt=\"\" class=\"wp-image-2943\"\/><\/figure><\/div>\n\n\n\n<figure class=\"wp-block-image\"><img decoding=\"async\" loading=\"lazy\" width=\"720\" height=\"540\" src=\"https:\/\/iesse-ers.infd.edu.ar\/sitio\/wp-content\/uploads\/2022\/11\/WhatsApp-Image-2022-11-11-at-13.01.33.jpeg\" alt=\"\" class=\"wp-image-2942\"\/><\/figure>\n\n\n\n<div class=\"wp-block-image\"><figure class=\"alignleft\"><img decoding=\"async\" loading=\"lazy\" width=\"720\" height=\"960\" src=\"https:\/\/iesse-ers.infd.edu.ar\/sitio\/wp-content\/uploads\/2022\/11\/WhatsApp-Image-2022-11-11-at-13.02.16.jpeg\" alt=\"\" class=\"wp-image-2940\"\/><\/figure><\/div>\n\n\n\n<figure class=\"wp-block-image\"><img decoding=\"async\" loading=\"lazy\" width=\"720\" height=\"540\" src=\"https:\/\/iesse-ers.infd.edu.ar\/sitio\/wp-content\/uploads\/2022\/11\/WhatsApp-Image-2022-11-11-at-13.01.58.jpeg\" alt=\"\" class=\"wp-image-2941\"\/><\/figure>\n\n\n\n<h2 class=\"wp-block-heading\">En el marco de vinculaciones con la Federaci\u00f3n Argentina de Guardavidas compartimos informaci\u00f3n de inter\u00e9s.<\/h2>\n\n\n\n<p>PRUEBA ANUAL COMPLEMENTARIA PARA GUARDAVIDAS<\/p>\n\n\n\n<p>El pr\u00f3ximo 10 y 11 de noviembre se realizar\u00e1 en nuestra ciudad la Prueba Anual Complementaria, rev\u00e1lida para Guardavidas municipales y privados que aspiren a brindar sus servicios en la temporada 2022 &#8211; 2023, de acuerdo a la Ley n\u00b0 9826 de la Provincia de Entre R\u00edos.<\/p>\n\n\n\n<p>La actividad es te\u00f3rica y pr\u00e1ctica, dictada por la Secretaria de Deporte de la provincia de Entre R\u00edos y acompa\u00f1ada por miembros de la Federaci\u00f3n Argentina de Guardavidas F.A.G., la cual cuenta con un convenio con el Gobierno Municipal de Santa Elena. La documentaci\u00f3n requerida puede entregarse en la Oficina de la Direcci\u00f3n de Turismo, por Boulevard Rivera y Cuesta de Solano, de lunes a domingo en el horario de 07:00 a 22:00 hs.<\/p>\n\n\n\n<div class=\"wp-block-image\"><figure class=\"aligncenter\"><img decoding=\"async\" loading=\"lazy\" width=\"720\" height=\"405\" src=\"https:\/\/iesse-ers.infd.edu.ar\/sitio\/wp-content\/uploads\/2022\/11\/WhatsApp-Image-2022-11-03-at-11.34.00.jpeg\" alt=\"\" class=\"wp-image-2937\"\/><\/figure><\/div>\n","protected":false},"excerpt":{"rendered":"<p>Con la coordinaci\u00f3n de la Federaci\u00f3n Argentina de Guardavidas representada por su Secretario General Sergio Daniel Ossola y en la semana Latinoamericana de prevenci\u00f3n de ahogamiento se realiz\u00f3 en las instalaciones de IESSE y sector de Playa Municipal la Rev\u00e1lida Prueba Anual Complementaria para Guardavidas. En el marco de la Formaci\u00f3n T\u00e9cnico Profesional de Guardavidas &#8230; <a title=\"Rev\u00e1lida Prueba Anual Complementaria para Guardavidas.\" class=\"read-more\" href=\"https:\/\/iesse-ers.infd.edu.ar\/sitio\/revalida-prueba-anual-complementaria-para-guardavidas\/\" aria-label=\"More on Rev\u00e1lida Prueba Anual Complementaria para Guardavidas.\">[+]<\/a><\/p>\n","protected":false},"author":1555,"featured_media":0,"parent":0,"menu_order":0,"comment_status":"closed","ping_status":"closed","template":"","meta":[],"acf":[],"_links":{"self":[{"href":"https:\/\/iesse-ers.infd.edu.ar\/sitio\/wp-json\/wp\/v2\/pages\/2956"}],"collection":[{"href":"https:\/\/iesse-ers.infd.edu.ar\/sitio\/wp-json\/wp\/v2\/pages"}],"about":[{"href":"https:\/\/iesse-ers.infd.edu.ar\/sitio\/wp-json\/wp\/v2\/types\/page"}],"author":[{"embeddable":true,"href":"https:\/\/iesse-ers.infd.edu.ar\/sitio\/wp-json\/wp\/v2\/users\/1555"}],"replies":[{"embeddable":true,"href":"https:\/\/iesse-ers.infd.edu.ar\/sitio\/wp-json\/wp\/v2\/comments?post=2956"}],"version-history":[{"count":1,"href":"https:\/\/iesse-ers.infd.edu.ar\/sitio\/wp-json\/wp\/v2\/pages\/2956\/revisions"}],"predecessor-version":[{"id":2958,"href":"https:\/\/iesse-ers.infd.edu.ar\/sitio\/wp-json\/wp\/v2\/pages\/2956\/revisions\/2958"}],"wp:attachment":[{"href":"https:\/\/iesse-ers.infd.edu.ar\/sitio\/wp-json\/wp\/v2\/media?parent=2956"}],"curies":[{"name":"wp","href":"https:\/\/api.w.org\/{rel}","templated":true}]}}