{"id":2757,"date":"2022-06-21T12:13:50","date_gmt":"2022-06-21T15:13:50","guid":{"rendered":"https:\/\/iesse-ers.infd.edu.ar\/sitio\/?page_id=2757"},"modified":"2022-08-02T13:07:42","modified_gmt":"2022-08-02T16:07:42","slug":"congreso-de-practicas-docentes-2022","status":"publish","type":"page","link":"https:\/\/iesse-ers.infd.edu.ar\/sitio\/congreso-de-practicas-docentes-2022\/","title":{"rendered":"Congreso de Pr\u00e1cticas Docentes 2022"},"content":{"rendered":"<hr \/>\n<h4><a href=\"https:\/\/iesse-ers.infd.edu.ar\/sitio\/wp-content\/uploads\/2022\/08\/I-Congreso-de-Practicas-Docentes-2022-FINAL.pdf\" target=\"_blank\" rel=\"noopener\">Organizaci\u00f3n I Congreso de Practicas Docentes 2022 FINAL.pdf<\/a><\/h4>\n<hr \/>\n<h3 style=\"text-align: center;\"><a href=\"https:\/\/iesse-ers.infd.edu.ar\/sitio\/wp-content\/uploads\/2022\/08\/Enlace-a-Youtube.pdf\" target=\"_blank\" rel=\"noopener\">Enlace a Youtube<\/a><\/h3>\n<hr \/>\n<h5>Actividad cultural no arancelada, no requiere preinscripci\u00f3n.<\/h5>\n<p><img decoding=\"async\" loading=\"lazy\" class=\"alignnone size-medium wp-image-2816 aligncenter\" src=\"https:\/\/iesse-ers.infd.edu.ar\/sitio\/wp-content\/uploads\/2022\/07\/WhatsApp-Image-2022-07-28-at-15.50.47-706x1000.jpeg\" alt=\"\" width=\"706\" height=\"1000\" srcset=\"https:\/\/iesse-ers.infd.edu.ar\/sitio\/wp-content\/uploads\/2022\/07\/WhatsApp-Image-2022-07-28-at-15.50.47-706x1000.jpeg 706w, https:\/\/iesse-ers.infd.edu.ar\/sitio\/wp-content\/uploads\/2022\/07\/WhatsApp-Image-2022-07-28-at-15.50.47-768x1087.jpeg 768w, https:\/\/iesse-ers.infd.edu.ar\/sitio\/wp-content\/uploads\/2022\/07\/WhatsApp-Image-2022-07-28-at-15.50.47.jpeg 904w\" sizes=\"(max-width: 706px) 100vw, 706px\" \/><\/p>\n<hr \/>\n\n\n<p><\/p>\n\n\n<p><img decoding=\"async\" loading=\"lazy\" class=\"alignnone size-medium wp-image-2815 aligncenter\" src=\"https:\/\/iesse-ers.infd.edu.ar\/sitio\/wp-content\/uploads\/2022\/07\/WhatsApp-Image-2022-07-28-at-16.29.10-725x1000.jpeg\" alt=\"\" width=\"725\" height=\"1000\" srcset=\"https:\/\/iesse-ers.infd.edu.ar\/sitio\/wp-content\/uploads\/2022\/07\/WhatsApp-Image-2022-07-28-at-16.29.10-725x1000.jpeg 725w, https:\/\/iesse-ers.infd.edu.ar\/sitio\/wp-content\/uploads\/2022\/07\/WhatsApp-Image-2022-07-28-at-16.29.10-768x1059.jpeg 768w, https:\/\/iesse-ers.infd.edu.ar\/sitio\/wp-content\/uploads\/2022\/07\/WhatsApp-Image-2022-07-28-at-16.29.10.jpeg 913w\" sizes=\"(max-width: 725px) 100vw, 725px\" \/><\/p>\n<p><\/p>\n<p><img decoding=\"async\" loading=\"lazy\" class=\"alignnone size-medium wp-image-2812 aligncenter\" src=\"https:\/\/iesse-ers.infd.edu.ar\/sitio\/wp-content\/uploads\/2022\/07\/WhatsApp-Image-2022-07-27-at-18.13.03-716x1000.jpeg\" alt=\"\" width=\"716\" height=\"1000\" srcset=\"https:\/\/iesse-ers.infd.edu.ar\/sitio\/wp-content\/uploads\/2022\/07\/WhatsApp-Image-2022-07-27-at-18.13.03-716x1000.jpeg 716w, https:\/\/iesse-ers.infd.edu.ar\/sitio\/wp-content\/uploads\/2022\/07\/WhatsApp-Image-2022-07-27-at-18.13.03-768x1072.jpeg 768w, https:\/\/iesse-ers.infd.edu.ar\/sitio\/wp-content\/uploads\/2022\/07\/WhatsApp-Image-2022-07-27-at-18.13.03.jpeg 917w\" sizes=\"(max-width: 716px) 100vw, 716px\" \/><\/p>\n<hr>\n<hr>\n<h3>Para inscribirse ingrese <a href=\"https:\/\/docs.google.com\/forms\/d\/e\/1FAIpQLSdsU10zStMVVymfSXV-pOBtibTjyT1FtEtcxbapgc7NMTBrmw\/viewform\" target=\"_blank\" rel=\"noopener\">aqu\u00ed<\/a>&nbsp; &nbsp; &nbsp; &nbsp;&nbsp;<\/h3>\n<hr>\n<h5>Programa I Congreso de Pr\u00e1cticas Docentes: actividad acad\u00e9mica.<\/h5>\n<h5><img decoding=\"async\" loading=\"lazy\" class=\"alignnone size-medium wp-image-2806 aligncenter\" src=\"https:\/\/iesse-ers.infd.edu.ar\/sitio\/wp-content\/uploads\/2022\/07\/WhatsApp-Image-2022-07-27-at-08.12.21-706x1000.jpeg\" alt=\"\" width=\"706\" height=\"1000\" srcset=\"https:\/\/iesse-ers.infd.edu.ar\/sitio\/wp-content\/uploads\/2022\/07\/WhatsApp-Image-2022-07-27-at-08.12.21-706x1000.jpeg 706w, https:\/\/iesse-ers.infd.edu.ar\/sitio\/wp-content\/uploads\/2022\/07\/WhatsApp-Image-2022-07-27-at-08.12.21-768x1087.jpeg 768w, https:\/\/iesse-ers.infd.edu.ar\/sitio\/wp-content\/uploads\/2022\/07\/WhatsApp-Image-2022-07-27-at-08.12.21.jpeg 904w\" sizes=\"(max-width: 706px) 100vw, 706px\" \/><\/h5>\n<hr>\n<h5>Programa I Congreso de Pr\u00e1cticas Docentes: actividades culturales-tur\u00edsticas.<\/h5>\n<p><img decoding=\"async\" loading=\"lazy\" class=\"alignnone size-medium wp-image-2809 aligncenter\" src=\"https:\/\/iesse-ers.infd.edu.ar\/sitio\/wp-content\/uploads\/2022\/07\/WhatsApp-Image-2022-07-27-at-10.04.43-706x1000.jpeg\" alt=\"\" width=\"706\" height=\"1000\" srcset=\"https:\/\/iesse-ers.infd.edu.ar\/sitio\/wp-content\/uploads\/2022\/07\/WhatsApp-Image-2022-07-27-at-10.04.43-706x1000.jpeg 706w, https:\/\/iesse-ers.infd.edu.ar\/sitio\/wp-content\/uploads\/2022\/07\/WhatsApp-Image-2022-07-27-at-10.04.43-768x1087.jpeg 768w, https:\/\/iesse-ers.infd.edu.ar\/sitio\/wp-content\/uploads\/2022\/07\/WhatsApp-Image-2022-07-27-at-10.04.43.jpeg 904w\" sizes=\"(max-width: 706px) 100vw, 706px\" \/><\/p>\n<hr>\n<h5>En Santa Elena, Entre R\u00edos sobre el R\u00edo Paran\u00e1 tenemos un hermoso para\u00edso rodeado de naturaleza con variados atractivos y distintas actividades que te esperan para disfrutarla. &#x1f3db;&#x26ea;&#x26fa;&#x1f338;&#x2600;&#xfe0f;&#x1f3a3;&#x1f6a4;&#x2660;&#xfe0f;&#x26f3;<\/h5>\n<h5>&#x1f310;Te regalamos un adelanto virtual &#x1f449;&#x1f3fd;<br><a href=\"http:\/\/www.turismosantaelena.com.ar\" target=\"_blank\" rel=\"noopener\">www.turismosantaelena.com.ar<\/a> <br>Aqu\u00ed tambi\u00e9n encontraras alojamientos, gu\u00edas de pesca, gastron\u00f3micos, etc.<\/h5>\n<h5>&#x1f446; m\u00e1s de lo que tenemos para ofrecerte por facebook o Instagram \u00abTurismo Santa Elena\u00bb.<\/h5>\n<h5>Cuando decidan venir si no consiguen en esos alojamientos, comunicate enviando un mensaje por Whatsapp y te ayudamos a conseguir en otros que a\u00fan no est\u00e1n homologados porque est\u00e1n en tramite. Muchas gracias,<br>los esperamos&#x1f450;<\/h5>\n<h5>&#x2049;&#xfe0f;Ante dudas o consultas, siempre comunicarse. 3434567235 wsp.<br>Saludos, Carina Spahn. Directora de Turismo.<\/h5>\n<h5>&nbsp;<\/h5>\n\n\n<div class=\"wp-block-image\"><figure class=\"aligncenter size-large is-resized\"><img decoding=\"async\" loading=\"lazy\" src=\"https:\/\/iesse-ers.infd.edu.ar\/sitio\/wp-content\/uploads\/2022\/06\/WhatsApp-Image-2022-06-07-at-12.28.40-PM.jpeg\" alt=\"\" class=\"wp-image-2745\" width=\"321\" height=\"397\"\/><\/figure><\/div>\n\n\n\n<hr class=\"wp-block-separator\"\/>\n\n\n\n<div class=\"wp-block-file\"><a href=\"https:\/\/iesse-ers.infd.edu.ar\/sitio\/wp-content\/uploads\/2022\/07\/SEGUNDA-CIRCULAR-CONGRESO-DE-PRACTICA-IESSE.pdf\">SEGUNDA-CIRCULAR-CONGRESO-DE-PRACTICA-IESSE<\/a><a href=\"https:\/\/iesse-ers.infd.edu.ar\/sitio\/wp-content\/uploads\/2022\/07\/SEGUNDA-CIRCULAR-CONGRESO-DE-PRACTICA-IESSE.pdf\" class=\"wp-block-file__button\" download>Descarga<\/a><\/div>\n\n\n\n<p><\/p>\n\n\n\n<hr class=\"wp-block-separator\"\/>\n\n\n\n<div class=\"wp-block-file\"><a href=\"https:\/\/iesse-ers.infd.edu.ar\/sitio\/wp-content\/uploads\/2022\/06\/PRIMERA-CIRCULAR-CONGRESO-DE-PRACTICA-IESSE.pdf\">PRIMERA-CIRCULAR-CONGRESO-DE-PRACTICA-IESSE<\/a><a href=\"https:\/\/iesse-ers.infd.edu.ar\/sitio\/wp-content\/uploads\/2022\/06\/PRIMERA-CIRCULAR-CONGRESO-DE-PRACTICA-IESSE.pdf\" class=\"wp-block-file__button\" download>Descarga<\/a><\/div>\n\n\n\n<hr class=\"wp-block-separator\"\/>\n\n\n\n<div class=\"wp-block-file\"><a href=\"https:\/\/iesse-ers.infd.edu.ar\/sitio\/wp-content\/uploads\/2022\/06\/Flyer-1\u00b0-Congreso_removed.pdf\">Flyer-1\u00b0-Congreso_removed<\/a><a href=\"https:\/\/iesse-ers.infd.edu.ar\/sitio\/wp-content\/uploads\/2022\/06\/Flyer-1\u00b0-Congreso_removed.pdf\" class=\"wp-block-file__button\" download>Descarga<\/a><\/div>\n\n\n\n<hr class=\"wp-block-separator\"\/>\n\n\n\n<p><\/p>\n\n\n\n<p><\/p>\n","protected":false},"excerpt":{"rendered":"<p>Organizaci\u00f3n I Congreso de Practicas Docentes 2022 FINAL.pdf Enlace a Youtube Actividad cultural no arancelada, no requiere preinscripci\u00f3n. Para inscribirse ingrese aqu\u00ed&nbsp; &nbsp; &nbsp; &nbsp;&nbsp; Programa I Congreso de Pr\u00e1cticas Docentes: actividad acad\u00e9mica. Programa I Congreso de Pr\u00e1cticas Docentes: actividades culturales-tur\u00edsticas. En Santa Elena, Entre R\u00edos sobre el R\u00edo Paran\u00e1 tenemos un hermoso para\u00edso rodeado &#8230; <a title=\"Congreso de Pr\u00e1cticas Docentes 2022\" class=\"read-more\" href=\"https:\/\/iesse-ers.infd.edu.ar\/sitio\/congreso-de-practicas-docentes-2022\/\" aria-label=\"More on Congreso de Pr\u00e1cticas Docentes 2022\">[+]<\/a><\/p>\n","protected":false},"author":1555,"featured_media":0,"parent":0,"menu_order":0,"comment_status":"closed","ping_status":"closed","template":"","meta":[],"acf":[],"_links":{"self":[{"href":"https:\/\/iesse-ers.infd.edu.ar\/sitio\/wp-json\/wp\/v2\/pages\/2757"}],"collection":[{"href":"https:\/\/iesse-ers.infd.edu.ar\/sitio\/wp-json\/wp\/v2\/pages"}],"about":[{"href":"https:\/\/iesse-ers.infd.edu.ar\/sitio\/wp-json\/wp\/v2\/types\/page"}],"author":[{"embeddable":true,"href":"https:\/\/iesse-ers.infd.edu.ar\/sitio\/wp-json\/wp\/v2\/users\/1555"}],"replies":[{"embeddable":true,"href":"https:\/\/iesse-ers.infd.edu.ar\/sitio\/wp-json\/wp\/v2\/comments?post=2757"}],"version-history":[{"count":18,"href":"https:\/\/iesse-ers.infd.edu.ar\/sitio\/wp-json\/wp\/v2\/pages\/2757\/revisions"}],"predecessor-version":[{"id":2826,"href":"https:\/\/iesse-ers.infd.edu.ar\/sitio\/wp-json\/wp\/v2\/pages\/2757\/revisions\/2826"}],"wp:attachment":[{"href":"https:\/\/iesse-ers.infd.edu.ar\/sitio\/wp-json\/wp\/v2\/media?parent=2757"}],"curies":[{"name":"wp","href":"https:\/\/api.w.org\/{rel}","templated":true}]}}