{"id":2029,"date":"2020-11-04T16:23:54","date_gmt":"2020-11-04T19:23:54","guid":{"rendered":"https:\/\/iesse-ers.infd.edu.ar\/sitio\/?page_id=2029"},"modified":"2022-05-05T17:13:25","modified_gmt":"2022-05-05T20:13:25","slug":"informacion-importante-diaria","status":"publish","type":"page","link":"https:\/\/iesse-ers.infd.edu.ar\/sitio\/informacion-importante-diaria\/","title":{"rendered":"Informaci\u00f3n importante diaria"},"content":{"rendered":"\n<p>Informaci\u00f3n importante para estudiantes del Profesorado de Educaci\u00f3n F\u00edsica: plazos para la aprobaci\u00f3n de la totalidad de UC de los dise\u00f1os curriculares anteriores a los vigentes para la Carrera de Formaci\u00f3n Docente. Consultas por Secretaria Acad\u00e9mica.<\/p>\n\n\n\n<hr class=\"wp-block-separator\"\/>\n\n\n\n<div class=\"wp-block-file\"><a href=\"https:\/\/iesse-ers.infd.edu.ar\/sitio\/wp-content\/uploads\/2022\/05\/1290-22-CGE-Establece-criterios-para-la-aprobacion-de-la-totalidad-de-las-unidades-curriculares-comprendidas-en-los-disenos-curriculares-de-carreras-de-Form-Docente.pdf\">1290-22-CGE-Establece-criterios-para-la-aprobacion-de-la-totalidad-de-las-unidades-curriculares-comprendidas-en-los-disenos-curriculares-de-carreras-de-Form-Docente<\/a><a href=\"https:\/\/iesse-ers.infd.edu.ar\/sitio\/wp-content\/uploads\/2022\/05\/1290-22-CGE-Establece-criterios-para-la-aprobacion-de-la-totalidad-de-las-unidades-curriculares-comprendidas-en-los-disenos-curriculares-de-carreras-de-Form-Docente.pdf\" class=\"wp-block-file__button\" download>Descarga<\/a><\/div>\n\n\n\n<hr class=\"wp-block-separator\"\/>\n\n\n<h4>Habilitar la experiencia como sensibilidad y como veh\u00edculo de conocimiento del mundo y hacia las presencias. <a href=\"https:\/\/fb.watch\/bZRYd2cQ3q\/\" target=\"_blank\" rel=\"noopener\">Video<\/a>.<\/h4>\n\n\n<div class=\"wp-block-file\"><a href=\"https:\/\/iesse-ers.infd.edu.ar\/sitio\/wp-content\/uploads\/2022\/03\/Propedeutico-Turismo-2022-1-1.pdf\"><strong>Propedeutico-Turismo-2022-1<\/strong><\/a><a href=\"https:\/\/iesse-ers.infd.edu.ar\/sitio\/wp-content\/uploads\/2022\/03\/Propedeutico-Turismo-2022-1-1.pdf\" class=\"wp-block-file__button\" download>Descarga<\/a><\/div>\n\n\n\n<div class=\"wp-block-image\"><figure class=\"aligncenter size-large is-resized\"><img decoding=\"async\" loading=\"lazy\" src=\"https:\/\/iesse-ers.infd.edu.ar\/sitio\/wp-content\/uploads\/2022\/03\/WhatsApp-Image-2022-03-10-at-11.38.31.jpeg\" alt=\"\" class=\"wp-image-2634\" width=\"829\" height=\"586\" srcset=\"https:\/\/iesse-ers.infd.edu.ar\/sitio\/wp-content\/uploads\/2022\/03\/WhatsApp-Image-2022-03-10-at-11.38.31.jpeg 1280w, https:\/\/iesse-ers.infd.edu.ar\/sitio\/wp-content\/uploads\/2022\/03\/WhatsApp-Image-2022-03-10-at-11.38.31-1000x706.jpeg 1000w, https:\/\/iesse-ers.infd.edu.ar\/sitio\/wp-content\/uploads\/2022\/03\/WhatsApp-Image-2022-03-10-at-11.38.31-768x542.jpeg 768w\" sizes=\"(max-width: 829px) 100vw, 829px\" \/><\/figure><\/div>\n\n\n\n<p><\/p>\n\n\n\n<p><\/p>\n\n\n\n<div class=\"wp-block-image\"><figure class=\"aligncenter size-large is-resized\"><img decoding=\"async\" loading=\"lazy\" src=\"https:\/\/iesse-ers.infd.edu.ar\/sitio\/wp-content\/uploads\/2022\/03\/WhatsApp-Image-2022-03-08-at-09.57.53.jpeg\" alt=\"\" class=\"wp-image-2630\" width=\"648\" height=\"905\" srcset=\"https:\/\/iesse-ers.infd.edu.ar\/sitio\/wp-content\/uploads\/2022\/03\/WhatsApp-Image-2022-03-08-at-09.57.53.jpeg 916w, https:\/\/iesse-ers.infd.edu.ar\/sitio\/wp-content\/uploads\/2022\/03\/WhatsApp-Image-2022-03-08-at-09.57.53-716x1000.jpeg 716w, https:\/\/iesse-ers.infd.edu.ar\/sitio\/wp-content\/uploads\/2022\/03\/WhatsApp-Image-2022-03-08-at-09.57.53-768x1073.jpeg 768w\" sizes=\"(max-width: 648px) 100vw, 648px\" \/><\/figure><\/div>\n\n\n\n<p><\/p>\n\n\n\n<div class=\"wp-block-image\"><figure class=\"aligncenter size-large is-resized\"><img decoding=\"async\" loading=\"lazy\" src=\"https:\/\/iesse-ers.infd.edu.ar\/sitio\/wp-content\/uploads\/2022\/03\/WhatsApp-Image-2022-03-07-at-17.27.53-1.jpeg\" alt=\"\" class=\"wp-image-2623\" width=\"829\" height=\"465\" srcset=\"https:\/\/iesse-ers.infd.edu.ar\/sitio\/wp-content\/uploads\/2022\/03\/WhatsApp-Image-2022-03-07-at-17.27.53-1.jpeg 1280w, https:\/\/iesse-ers.infd.edu.ar\/sitio\/wp-content\/uploads\/2022\/03\/WhatsApp-Image-2022-03-07-at-17.27.53-1-768x432.jpeg 768w\" sizes=\"(max-width: 829px) 100vw, 829px\" \/><\/figure><\/div>\n\n\n\n<p><\/p>\n\n\n\n<div class=\"wp-block-image\"><figure class=\"aligncenter size-large is-resized\"><img decoding=\"async\" loading=\"lazy\" src=\"https:\/\/iesse-ers.infd.edu.ar\/sitio\/wp-content\/uploads\/2022\/03\/WhatsApp-Image-2022-03-07-at-17.27.55.jpeg\" alt=\"\" class=\"wp-image-2626\" width=\"838\" height=\"471\" srcset=\"https:\/\/iesse-ers.infd.edu.ar\/sitio\/wp-content\/uploads\/2022\/03\/WhatsApp-Image-2022-03-07-at-17.27.55.jpeg 1280w, https:\/\/iesse-ers.infd.edu.ar\/sitio\/wp-content\/uploads\/2022\/03\/WhatsApp-Image-2022-03-07-at-17.27.55-1000x563.jpeg 1000w, https:\/\/iesse-ers.infd.edu.ar\/sitio\/wp-content\/uploads\/2022\/03\/WhatsApp-Image-2022-03-07-at-17.27.55-768x432.jpeg 768w\" sizes=\"(max-width: 838px) 100vw, 838px\" \/><\/figure><\/div>\n\n\n\n<div class=\"wp-block-image\"><figure class=\"aligncenter size-large is-resized\"><img decoding=\"async\" loading=\"lazy\" src=\"https:\/\/iesse-ers.infd.edu.ar\/sitio\/wp-content\/uploads\/2022\/03\/WhatsApp-Image-2022-03-07-at-17.27.54.jpeg\" alt=\"\" class=\"wp-image-2625\" width=\"839\" height=\"471\" srcset=\"https:\/\/iesse-ers.infd.edu.ar\/sitio\/wp-content\/uploads\/2022\/03\/WhatsApp-Image-2022-03-07-at-17.27.54.jpeg 1280w, https:\/\/iesse-ers.infd.edu.ar\/sitio\/wp-content\/uploads\/2022\/03\/WhatsApp-Image-2022-03-07-at-17.27.54-1000x563.jpeg 1000w, https:\/\/iesse-ers.infd.edu.ar\/sitio\/wp-content\/uploads\/2022\/03\/WhatsApp-Image-2022-03-07-at-17.27.54-768x432.jpeg 768w\" sizes=\"(max-width: 839px) 100vw, 839px\" \/><\/figure><\/div>\n\n\n\n<div class=\"wp-block-image\"><figure class=\"aligncenter size-large is-resized\"><img decoding=\"async\" loading=\"lazy\" src=\"https:\/\/iesse-ers.infd.edu.ar\/sitio\/wp-content\/uploads\/2022\/03\/WhatsApp-Image-2022-03-07-at-17.27.55-1.jpeg\" alt=\"\" class=\"wp-image-2624\" width=\"836\" height=\"469\" srcset=\"https:\/\/iesse-ers.infd.edu.ar\/sitio\/wp-content\/uploads\/2022\/03\/WhatsApp-Image-2022-03-07-at-17.27.55-1.jpeg 1280w, https:\/\/iesse-ers.infd.edu.ar\/sitio\/wp-content\/uploads\/2022\/03\/WhatsApp-Image-2022-03-07-at-17.27.55-1-768x432.jpeg 768w\" sizes=\"(max-width: 836px) 100vw, 836px\" \/><\/figure><\/div>\n\n\n\n<figure class=\"wp-block-image size-large\"><img decoding=\"async\" loading=\"lazy\" width=\"640\" height=\"360\" src=\"https:\/\/iesse-ers.infd.edu.ar\/sitio\/wp-content\/uploads\/2022\/02\/WhatsApp-Image-2022-02-17-at-14.25.45.jpeg\" alt=\"\" class=\"wp-image-2612\"\/><\/figure>\n\n\n\n<figure class=\"wp-block-image size-large\"><img decoding=\"async\" loading=\"lazy\" width=\"640\" height=\"360\" src=\"https:\/\/iesse-ers.infd.edu.ar\/sitio\/wp-content\/uploads\/2022\/02\/WhatsApp-Image-2022-02-08-at-08.07.13.jpeg\" alt=\"\" class=\"wp-image-2603\"\/><\/figure>\n\n\n\n<figure class=\"wp-block-image size-large\"><img decoding=\"async\" loading=\"lazy\" width=\"640\" height=\"360\" src=\"https:\/\/iesse-ers.infd.edu.ar\/sitio\/wp-content\/uploads\/2022\/02\/WhatsApp-Image-2022-02-08-at-08.07.20.jpeg\" alt=\"\" class=\"wp-image-2604\"\/><\/figure>\n\n\n\n<figure class=\"wp-block-image size-large\"><img decoding=\"async\" loading=\"lazy\" width=\"640\" height=\"360\" src=\"https:\/\/iesse-ers.infd.edu.ar\/sitio\/wp-content\/uploads\/2022\/02\/WhatsApp-Image-2022-02-08-at-08.07.36.jpeg\" alt=\"\" class=\"wp-image-2605\"\/><\/figure>\n\n\n\n<p><\/p>\n\n\n\n<figure class=\"wp-block-image size-large\"><img decoding=\"async\" src=\"blob:https:\/\/iesse-ers.infd.edu.ar\/ef9688da-1efd-415c-b158-086a008631de\" alt=\"\"\/><\/figure>\n\n\n\n<p><\/p>\n\n\n<h4>&nbsp;<\/h4>\n\n\n<p><\/p>\n","protected":false},"excerpt":{"rendered":"<p>Informaci\u00f3n importante para estudiantes del Profesorado de Educaci\u00f3n F\u00edsica: plazos para la aprobaci\u00f3n de la totalidad de UC de los dise\u00f1os curriculares anteriores a los vigentes para la Carrera de Formaci\u00f3n Docente. Consultas por Secretaria Acad\u00e9mica. Habilitar la experiencia como sensibilidad y como veh\u00edculo de conocimiento del mundo y hacia las presencias. Video. &nbsp;<\/p>\n","protected":false},"author":1555,"featured_media":0,"parent":0,"menu_order":0,"comment_status":"closed","ping_status":"closed","template":"","meta":[],"acf":[],"_links":{"self":[{"href":"https:\/\/iesse-ers.infd.edu.ar\/sitio\/wp-json\/wp\/v2\/pages\/2029"}],"collection":[{"href":"https:\/\/iesse-ers.infd.edu.ar\/sitio\/wp-json\/wp\/v2\/pages"}],"about":[{"href":"https:\/\/iesse-ers.infd.edu.ar\/sitio\/wp-json\/wp\/v2\/types\/page"}],"author":[{"embeddable":true,"href":"https:\/\/iesse-ers.infd.edu.ar\/sitio\/wp-json\/wp\/v2\/users\/1555"}],"replies":[{"embeddable":true,"href":"https:\/\/iesse-ers.infd.edu.ar\/sitio\/wp-json\/wp\/v2\/comments?post=2029"}],"version-history":[{"count":9,"href":"https:\/\/iesse-ers.infd.edu.ar\/sitio\/wp-json\/wp\/v2\/pages\/2029\/revisions"}],"predecessor-version":[{"id":2703,"href":"https:\/\/iesse-ers.infd.edu.ar\/sitio\/wp-json\/wp\/v2\/pages\/2029\/revisions\/2703"}],"wp:attachment":[{"href":"https:\/\/iesse-ers.infd.edu.ar\/sitio\/wp-json\/wp\/v2\/media?parent=2029"}],"curies":[{"name":"wp","href":"https:\/\/api.w.org\/{rel}","templated":true}]}}