{"id":1538,"date":"2019-02-20T21:42:49","date_gmt":"2019-02-21T00:42:49","guid":{"rendered":"https:\/\/iesse-ers.infd.edu.ar\/sitio\/?page_id=1538"},"modified":"2019-11-20T11:08:44","modified_gmt":"2019-11-20T14:08:44","slug":"profesorado-de-educacion-especial-con-orientacion-en-discapacidad-intelectual-2","status":"publish","type":"page","link":"https:\/\/iesse-ers.infd.edu.ar\/sitio\/profesorado-de-educacion-especial-con-orientacion-en-discapacidad-intelectual-2\/","title":{"rendered":"Profesorado de Educaci\u00f3n Especial con Orientaci\u00f3n en Discapacidad Intelectual"},"content":{"rendered":"<p><span style=\"color: #0000ff;\">AVISO DE INICIO CARRERA EDUCACI\u00d3N ESPECIAL<\/span><\/p>\n<p>Se comunica a los estudiantes inscriptos en la carrera de Educaci\u00f3n Especial que el ciclo introductorio dar\u00e1 inicio el Lunes 18 de Febrero\u00a0 en la sede del Instituto seg\u00fan la siguiente organizaci\u00f3n:<\/p>\n<p>*Estudiantes con apellido que inicie con la letra\u00a0<span class=\"text_exposed_show\"><br \/>\n\u00abA\u00bb hasta la letra \u00bb L \u00ab(inclusive), los esperamos el LUNES 18\/03 a las 13:30 h.\u00a0<\/span><\/p>\n<div class=\"text_exposed_show\">\n<p>*Desde la letra \u00abM\u00bb hasta la letra \u00abZ\u00bb; los esperamos el dia MARTES desde las 13:30 h.<\/p>\n<p>Saludos cordiales!<\/p>\n<\/div>\n<p><a href=\"https:\/\/iesse-ers.infd.edu.ar\/sitio\/wp-content\/uploads\/2019\/02\/Profesorado-de-Educacion-Especial-con-discapacidad-Intelectual-estructura-curriculares-1.doc\">Profesorado de Educaci\u00f3n Especial con discapacidad Intelectual estructura curriculares<\/a><\/p>\n<p><a href=\"https:\/\/iesse-ers.infd.edu.ar\/sitio\/wp-content\/uploads\/2019\/03\/0976-17_CGE_Aprueba_Disen_o_Curricular_Profesorado_de_Educacion_Especial_en_Discapacidad_intelectual-parte-1.pdf\">0976-<\/a><a href=\"https:\/\/iesse-ers.infd.edu.ar\/sitio\/wp-content\/uploads\/2019\/05\/5733-17_CGE_Modifica_Disen_o_Curricular_de_Carrera_-Profesorado_de_Educacion_Especial_con_Orientacion_en_Discapacidad_Intelectual-_.pdf\">5733-17_CGE_Modifica_Disen_o_Curricular_de_Carrera_-<\/a><a href=\"https:\/\/iesse-ers.infd.edu.ar\/sitio\/wp-content\/uploads\/2019\/11\/9-bases-Neurobiopsicol\u00f3gicas-del-desarrollo.docx\">9-bases Neurobiopsicol\u00f3gicas del desarrollo<\/a><a href=\"https:\/\/iesse-ers.infd.edu.ar\/sitio\/wp-content\/uploads\/2019\/05\/5733-17_CGE_Modifica_Disen_o_Curricular_de_Carrera_-Profesorado_de_Educacion_Especial_con_Orientacion_en_Discapacidad_Intelectual-_.pdf\">Profesorado_de_Educacion_Especial_con_Orientacion_en_Discapacidad_Intelectual-_<\/a><a href=\"https:\/\/iesse-ers.infd.edu.ar\/sitio\/wp-content\/uploads\/2019\/03\/0976-17_CGE_Aprueba_Disen_o_Curricular_Profesorado_de_Educacion_Especial_en_Discapacidad_intelectual-parte-1.pdf\">17_CGE_Aprueba_Disen_o_Curricular_Profesorado_de_Educacion_Especial_en_Discapacidad_intelectual -parte 1<\/a><\/p>\n<p><a href=\"https:\/\/iesse-ers.infd.edu.ar\/sitio\/wp-content\/uploads\/2019\/03\/0976-17_CGE_Aprueba_Disen_o_Curricular_Profesorado_de_Educacion_Especial_en_Discapacidad_intelectual-parte-2.pdf\">0976-17_CGE_Aprueba_Disen_o_Curricular_Profesorado_de_Educacion_Especial_en_Discapacidad_intelectual-parte 2<\/a><\/p>\n<p><a href=\"https:\/\/iesse-ers.infd.edu.ar\/sitio\/wp-content\/uploads\/2019\/11\/RES_4706-17_CGE-educacion-especial-1.pdf\">RES_4706-17_CGE educacion especial\u00a0<\/a>R\u00e9gimen de Correlatividades<\/p>\n<p><a href=\"https:\/\/iesse-ers.infd.edu.ar\/sitio\/wp-content\/uploads\/2019\/11\/1-Pedagog\u00eda-Prof.-de-Educ.-Especial.docx\">1- Pedagog\u00eda Prof. de Educ. Especial<\/a> <a href=\"https:\/\/iesse-ers.infd.edu.ar\/sitio\/wp-content\/uploads\/2019\/11\/02-PLANIF-DE-Taller-de-oralidad-.-Rodrigez-MF.-Gamarra-C.-ingles.pdf\">02-PLANIF DE Taller de oralidad . Rodrigez MF. Gamarra, C. ingles<\/a> <a href=\"https:\/\/iesse-ers.infd.edu.ar\/sitio\/wp-content\/uploads\/2019\/11\/3-Rihouet_Psicolog\u00eda-Educacional_Prof-Educaci\u00f3n-Especial.pdf\">3-Rihouet_Psicolog\u00eda Educacional_Prof Educaci\u00f3n Especial<\/a> <a href=\"https:\/\/iesse-ers.infd.edu.ar\/sitio\/wp-content\/uploads\/2019\/11\/3-Rihouet_Psicolog\u00eda-Educacional_Prof-Educaci\u00f3n-Especial-1.pdf\">3-Rihouet_Psicolog\u00eda Educacional_Prof Educaci\u00f3n Especial<\/a> <a href=\"https:\/\/iesse-ers.infd.edu.ar\/sitio\/wp-content\/uploads\/2019\/11\/06-planif-alfabetizaci\u00f3n.-Rodriguez-M.-F..pdf\">06-planif alfabetizaci\u00f3n. Rodriguez M. F.<\/a> <a href=\"https:\/\/iesse-ers.infd.edu.ar\/sitio\/wp-content\/uploads\/2019\/11\/07-planif-de-Lengua-1.-Rodriguez-M.F..pdf\">07-planif de Lengua 1. Rodriguez M.F.<\/a> <a href=\"https:\/\/iesse-ers.infd.edu.ar\/sitio\/wp-content\/uploads\/2019\/11\/9-bases-Neurobiopsicol\u00f3gicas-del-desarrollo.docx\">9-bases Neurobiopsicol\u00f3gicas del desarrollo<\/a> <a href=\"https:\/\/iesse-ers.infd.edu.ar\/sitio\/wp-content\/uploads\/2019\/11\/10-Rihouet_Pr\u00e1cticas-Docentes-I_Prof-Educaci\u00f3n-Especial.pdf\">10-Rihouet_Pr\u00e1cticas Docentes I_Prof Educaci\u00f3n Especial<\/a><\/p>\n","protected":false},"excerpt":{"rendered":"<p>AVISO DE INICIO CARRERA EDUCACI\u00d3N ESPECIAL Se comunica a los estudiantes inscriptos en la carrera de Educaci\u00f3n Especial que el ciclo introductorio dar\u00e1 inicio el Lunes 18 de Febrero\u00a0 en la sede del Instituto seg\u00fan la siguiente organizaci\u00f3n: *Estudiantes con apellido que inicie con la letra\u00a0 \u00abA\u00bb hasta la letra \u00bb L \u00ab(inclusive), los esperamos &#8230; <a title=\"Profesorado de Educaci\u00f3n Especial con Orientaci\u00f3n en Discapacidad Intelectual\" class=\"read-more\" href=\"https:\/\/iesse-ers.infd.edu.ar\/sitio\/profesorado-de-educacion-especial-con-orientacion-en-discapacidad-intelectual-2\/\" aria-label=\"More on Profesorado de Educaci\u00f3n Especial con Orientaci\u00f3n en Discapacidad Intelectual\">[+]<\/a><\/p>\n","protected":false},"author":7,"featured_media":0,"parent":0,"menu_order":0,"comment_status":"closed","ping_status":"closed","template":"","meta":[],"acf":[],"_links":{"self":[{"href":"https:\/\/iesse-ers.infd.edu.ar\/sitio\/wp-json\/wp\/v2\/pages\/1538"}],"collection":[{"href":"https:\/\/iesse-ers.infd.edu.ar\/sitio\/wp-json\/wp\/v2\/pages"}],"about":[{"href":"https:\/\/iesse-ers.infd.edu.ar\/sitio\/wp-json\/wp\/v2\/types\/page"}],"author":[{"embeddable":true,"href":"https:\/\/iesse-ers.infd.edu.ar\/sitio\/wp-json\/wp\/v2\/users\/7"}],"replies":[{"embeddable":true,"href":"https:\/\/iesse-ers.infd.edu.ar\/sitio\/wp-json\/wp\/v2\/comments?post=1538"}],"version-history":[{"count":7,"href":"https:\/\/iesse-ers.infd.edu.ar\/sitio\/wp-json\/wp\/v2\/pages\/1538\/revisions"}],"predecessor-version":[{"id":1752,"href":"https:\/\/iesse-ers.infd.edu.ar\/sitio\/wp-json\/wp\/v2\/pages\/1538\/revisions\/1752"}],"wp:attachment":[{"href":"https:\/\/iesse-ers.infd.edu.ar\/sitio\/wp-json\/wp\/v2\/media?parent=1538"}],"curies":[{"name":"wp","href":"https:\/\/api.w.org\/{rel}","templated":true}]}}